{"id":3151,"date":"2012-04-13T05:31:02","date_gmt":"2012-04-13T09:31:02","guid":{"rendered":"https:\/\/julijasukys.com\/?page_id=3151"},"modified":"2020-01-10T23:14:04","modified_gmt":"2020-01-11T05:14:04","slug":"epistolophilia-2","status":"publish","type":"page","link":"https:\/\/julijasukys.com\/?page_id=3151","title":{"rendered":"Epistolophilia"},"content":{"rendered":"<h1><a href=\"https:\/\/julijasukys.com\/wp-content\/uploads\/2019\/06\/EpistolophiliaCoverHighRes.jpg\"><img loading=\"lazy\" decoding=\"async\" class=\"alignnone size-full wp-image-4839\" src=\"https:\/\/julijasukys.com\/wp-content\/uploads\/2019\/06\/EpistolophiliaCoverHighRes.jpg\" alt=\"\" width=\"1693\" height=\"2550\" srcset=\"https:\/\/julijasukys.com\/wp-content\/uploads\/2019\/06\/EpistolophiliaCoverHighRes.jpg 1693w, https:\/\/julijasukys.com\/wp-content\/uploads\/2019\/06\/EpistolophiliaCoverHighRes-199x300.jpg 199w, https:\/\/julijasukys.com\/wp-content\/uploads\/2019\/06\/EpistolophiliaCoverHighRes-768x1157.jpg 768w, https:\/\/julijasukys.com\/wp-content\/uploads\/2019\/06\/EpistolophiliaCoverHighRes-680x1024.jpg 680w\" sizes=\"auto, (max-width: 767px) 89vw, (max-width: 1000px) 54vw, (max-width: 1071px) 543px, 580px\" \/><\/a><\/h1>\n<p><strong><span style=\"color: #800000;\"><a href=\"http:\/\/www.nebraskapress.unl.edu\/product\/Epistolophilia,674947.aspx\">Epistolophilia: Writing the Life of Ona \u0160imait\u0117<\/a>\u00a0<\/span><\/strong><\/p>\n<p><span style=\"color: #333399;\">Winner of the\u00a02013\u00a0Helen and Stan Vine\u00a0Canadian Jewish Book Award for Holocaust Literature<\/span><\/p>\n<p><span style=\"color: #333399;\">Shorlisted for the 2012 Mavis Gallant Prize for Nonfiction<\/span><\/p>\n<p><span style=\"color: #333399;\">Longlisted for the 2012 Charles Taylor Prize in Literary Nonfiction<\/span><\/p>\n<p><span style=\"color: #333399;\">Named one of the Best Books of 2012 by <em>Maisonneuve Magazine<\/em><\/span><\/p>\n<p>&nbsp;<\/p>\n<p><strong>Praise for\u00a0<em>Epistolophilia<\/em><\/strong><\/p>\n<p><em>&#8220;\u0160ukys&#8217;s. . .meditations on the power of letters and writing make this a\u00a0powerful testament to the confluence of history and individual lives and passions.&#8221;<\/em> &#8212;\u00a0<a href=\"http:\/\/www.publishersweekly.com\/978-0-8032-3632-5\">Publishers Weekly<\/a> (starred review)<\/p>\n<p><em>&#8220;<\/em>Epistolophilia<em> is not a typical biography, and \u0160imait\u0117 was not a typical World War II hero. For readers looking for an unconventional account of the World War II and post-war eras, as well as those interested in women&#8217;s life writing,\u00a0Epistolophilia\u00a0is\u00a0a nuanced and compelling work.&#8221; <\/em>&#8212;\u00a0<a href=\"http:\/\/www.forewordreviews.com\/reviews\/epistolophilia\/\">ForeWord<\/a> Reviews<\/p>\n<p><em>&#8220;\u0160ukys\u2019s great respect for her subject inspires respect for her own book. &#8216;When I read [the letters]&#8217; \u0160ukys writes, &#8216;I feel as though she is speaking to me directly\u2026&#8217; And that\u2019s also how readers of <\/em>Epistolophilia<em> feel, as though \u0160ukys is personally telling us the story of this incredible, and incredibly important, woman over a cup of tea.&#8221; <\/em><em>&#8212; <\/em><a href=\"http:\/\/mtlreviewofbooks.ca\/reviews\/epistolophilia\/\">Montreal Review of Books<\/a><\/p>\n<p><em>&#8220;\u0160ukys is to be commended for providing us with this testament and story of a\u00a0little-known hero.&#8221;<\/em> &#8212;\u00a0<a href=\"http:\/\/www.jewishtimes.com\/index.php\/jewishtimes\/book_reviews\/\">Baltimore Jewish Times<\/a><\/p>\n<p>&#8220;<em>A startling paradox that while \u0160imait\u0117 died at 76 before completing her memoirs, \u0160ukys is able to capture \u0160imait\u0117\u2019s story while successfully writing an unexpected memoir of her own<\/em>.&#8221; &#8212; <a href=\"http:\/\/plopit.org\/2012\/04\/09\/libraries-of-the-holocaust-what-is-written-will-never-die\/\">PLOP! Review<\/a><\/p>\n<p><em>&#8220;Rather than use chronology as a guide, she divides her book into nine parts, each a satellite in the orbit that was \u0160imait\u0117\u2019s world . . . .\u00a0The technique works incredibly well, providing a full and revealing portrait of a heroic, principled if sometimes fractious woman whose life was marked by hardship and disappointment, but who left behind an invaluable archive: her own.&#8221; &#8212; <\/em><a href=\"http:\/\/www.montrealgazette.com\/entertainment\/Epistolophilia+Montrealer+Julija+Sukys+honours+Lithuanian+librarian\/6678385\/story.html\">The Montreal Gazette<\/a><\/p>\n<p><em>&#8220;\u0160ukys, in a true labor of love, rescues a remarkably brave woman from history\u2019s dustbin, and in the process complicates the narrative about Lithuania during the Holocaust and the postwar period.&#8221;<\/em> &#8212;\u00a0<a href=\"https:\/\/julijasukys.com\/?attachment_id=3881\">Women\u2019s Review of Books<\/a><\/p>\n<p><em>&#8220;This is\u00a0an intelligent, humane, and noble book\u00a0that rescues from\u00a0obscurity an intelligent, humane, and noble woman. It stands as a\u00a0testament to the power of reading, writing, compassion, and\u00a0extraordinary courage.&#8221;<\/em> &#8212; David Bezmozgis, author of\u00a0<em>The Free World<\/em><\/p>\n<p><em>&#8220;This is an important new take on the legacy of the Holocaust.\u00a0Eloquent and elegantly written, it reads like a W.G. Sebald text but with a\u00a0voice profoundly its own.&#8221;<\/em> &#8212;\u00a0Laura Levitt Professor of Religion, Jewish Studies and Gender, Temple University<\/p>\n<p><em>&#8220;With this searching, nuanced biography, Julija \u0160ukys introduces the English-speaking world to a genuine heroine of the Holocaust, while at the same time raising vital questions about the role of trauma, poverty, and ill health on women\u2019s literary production.\u00a0Thoughtful, exhaustively researched, and deeply felt,\u00a0Epistolophilia\u00a0is an important book.&#8221;<\/em> &#8212; Susan Olding, author of\u00a0<em>Pathologies: A Life in Essays<\/em><\/p>\n<p>&nbsp;<\/p>\n<p><strong>About\u00a0<em>Epistolophilia<\/em><\/strong><\/p>\n<p>The librarian walks the streets of her beloved Paris. An old lady with a limp and an accent, she is invisible to most. Certainly no one recognizes her as the warrior and revolutionary she was, when again and again she slipped into the Jewish ghetto of German-occupied Vilnius to carry food, clothes, medicine, money, and counterfeit documents to its prisoners. Often she left with letters to deliver, manuscripts to hide, and even sedated children swathed in sacks. In 1944 she was captured by the Gestapo, tortured for twelve days, and deported to Dachau.<\/p>\n<p>Through\u00a0<em>Epistolophilia<\/em>, Julija \u0160ukys follows the letters and journals\u2014the \u201clife-writing\u201d\u2014of this woman, Ona \u0160imait\u0117 (1894\u20131970). A treasurer of words, \u0160imait\u0117 carefully collected, preserved, and archived the written record of her life, including thousands of letters, scores of diaries, articles, and press clippings. Journeying through these words, \u0160ukys negotiates with the ghost of \u0160imait\u0117, beckoning back to life this quiet and worldly heroine\u2014a giant of Holocaust history (one of Yad Vashem\u2019s honored \u201cRighteous among the Nations\u201d) and yet so little known. The result is at once a mediated self-portrait and a measured perspective on a remarkable life. It reveals the meaning of life-writing, how women write their lives publicly and privately, and how their words attach them\u2014and us\u2014to life.<\/p>\n<p>&nbsp;<\/p>\n<p><strong>Buy the Book<\/strong><\/p>\n<p><span style=\"color: #0000ff;\"><a style=\"color: #0000ff;\" href=\"http:\/\/www.nebraskapress.unl.edu\/product\/Epistolophilia,674947.aspx\">University of Nebraska Press<\/a><\/span><\/p>\n<p><span style=\"color: #0000ff;\"><a style=\"color: #0000ff;\" href=\"http:\/\/www.powells.com\/biblio\/1-9780803236325-0\">Powell&#8217;s Books<\/a><\/span><\/p>\n<p><span style=\"color: #0000ff;\"><a style=\"color: #0000ff;\" href=\"http:\/\/www.indiebound.org\/book\/9780803236325\">Indie Bound<\/a><\/span><\/p>\n<p><span style=\"color: #0000ff;\"><a style=\"color: #0000ff;\" href=\"http:\/\/www.amazon.com\/Epistolophilia-Writing-Life-Ona-Simaite\/dp\/0803236328\">Amazon<\/a><\/span><\/p>\n<p><span style=\"color: #0000ff;\"><a style=\"color: #0000ff;\" href=\"http:\/\/www.barnesandnoble.com\/w\/epistolophilia-julija-sukys\/1105295210\">Barnes &amp; Noble<\/a><\/span><\/p>\n<p><a href=\"http:\/\/www.chapters.indigo.ca\/books\/Epistolophilia-Writing-Life-Ona-Simaite-Julija-Sukys\/9780803236325-item.html?ikwid=epistolophilia&amp;ikwsec=Home\"><span style=\"color: #0000ff;\">Chapters\u00a0Indigo<\/span><\/a><\/p>\n<p>&nbsp;<\/p>\n<div style=\"padding-bottom:20px; padding-top:10px;\" class=\"hupso-share-buttons\"><!-- Hupso Share Buttons - https:\/\/www.hupso.com\/share\/ --><a class=\"hupso_pop\" href=\"https:\/\/www.hupso.com\/share\/\"><img decoding=\"async\" src=\"https:\/\/static.hupso.com\/share\/buttons\/button100x23.png\" style=\"border:0px; width:100; height: 23; \" alt=\"Share Button\" \/><\/a><script type=\"text\/javascript\">var hupso_services=new Array(\"Twitter\",\"Facebook\",\"Linkedin\",\"StumbleUpon\",\"Reddit\",\"Print\");var hupso_icon_type = \"labels\";var hupso_background=\"#EAF4FF\";var hupso_border=\"#66CCFF\";var hupso_image_folder_url = \"\";var hupso_url=\"\";var hupso_title=\"Epistolophilia\";<\/script><script type=\"text\/javascript\" src=\"https:\/\/static.hupso.com\/share\/js\/share.js\"><\/script><!-- Hupso Share Buttons --><\/div>","protected":false},"excerpt":{"rendered":"<p>Epistolophilia: Writing the Life of Ona \u0160imait\u0117\u00a0 Winner of the\u00a02013\u00a0Helen and Stan Vine\u00a0Canadian Jewish Book Award for Holocaust Literature Shorlisted for the 2012 Mavis Gallant Prize for Nonfiction Longlisted for the 2012 Charles Taylor Prize in Literary Nonfiction Named one of the Best Books of 2012 by Maisonneuve Magazine &nbsp; Praise for\u00a0Epistolophilia &#8220;\u0160ukys&#8217;s. . .meditations &hellip; <\/p>\n<p class=\"link-more\"><a href=\"https:\/\/julijasukys.com\/?page_id=3151\" class=\"more-link\">Continue reading<span class=\"screen-reader-text\"> &#8220;Epistolophilia&#8221;<\/span><\/a><\/p>\n<div style=\"padding-bottom:20px; padding-top:10px;\" class=\"hupso-share-buttons\"><!-- Hupso Share Buttons - https:\/\/www.hupso.com\/share\/ --><a class=\"hupso_pop\" href=\"https:\/\/www.hupso.com\/share\/\"><img src=\"https:\/\/static.hupso.com\/share\/buttons\/button100x23.png\" style=\"border:0px; width:100; height: 23; \" alt=\"Share Button\" \/><\/a><script type=\"text\/javascript\">var hupso_services=new Array(\"Twitter\",\"Facebook\",\"Linkedin\",\"StumbleUpon\",\"Reddit\",\"Print\");var hupso_icon_type = \"labels\";var hupso_background=\"#EAF4FF\";var hupso_border=\"#66CCFF\";var hupso_image_folder_url = \"\";var hupso_url=\"\";var hupso_title=\"Epistolophilia\";<\/script><script type=\"text\/javascript\" src=\"https:\/\/static.hupso.com\/share\/js\/share.js\"><\/script><!-- Hupso Share Buttons --><\/div>","protected":false},"author":1,"featured_media":0,"parent":0,"menu_order":2,"comment_status":"closed","ping_status":"open","template":"","meta":{"footnotes":""},"class_list":["post-3151","page","type-page","status-publish","hentry"],"_links":{"self":[{"href":"https:\/\/julijasukys.com\/index.php?rest_route=\/wp\/v2\/pages\/3151","targetHints":{"allow":["GET"]}}],"collection":[{"href":"https:\/\/julijasukys.com\/index.php?rest_route=\/wp\/v2\/pages"}],"about":[{"href":"https:\/\/julijasukys.com\/index.php?rest_route=\/wp\/v2\/types\/page"}],"author":[{"embeddable":true,"href":"https:\/\/julijasukys.com\/index.php?rest_route=\/wp\/v2\/users\/1"}],"replies":[{"embeddable":true,"href":"https:\/\/julijasukys.com\/index.php?rest_route=%2Fwp%2Fv2%2Fcomments&post=3151"}],"version-history":[{"count":37,"href":"https:\/\/julijasukys.com\/index.php?rest_route=\/wp\/v2\/pages\/3151\/revisions"}],"predecessor-version":[{"id":5090,"href":"https:\/\/julijasukys.com\/index.php?rest_route=\/wp\/v2\/pages\/3151\/revisions\/5090"}],"wp:attachment":[{"href":"https:\/\/julijasukys.com\/index.php?rest_route=%2Fwp%2Fv2%2Fmedia&parent=3151"}],"curies":[{"name":"wp","href":"https:\/\/api.w.org\/{rel}","templated":true}]}}